{"id":504,"date":"2025-07-09T10:48:21","date_gmt":"2025-07-09T08:48:21","guid":{"rendered":"https:\/\/staging-6.stagin-gtpages.com\/marosipanni\/?page_id=504"},"modified":"2025-07-09T16:43:47","modified_gmt":"2025-07-09T14:43:47","slug":"bio-2","status":"publish","type":"page","link":"https:\/\/en.pannimarosi.com\/en.pannimarosi\/bio-2\/","title":{"rendered":"BIO"},"content":{"rendered":"<p><span style=\"font-weight: 400;\">Marosi Panni (1994, Budapest) fest\u0151m\u0171v\u00e9sz, aki munk\u00e1iban az \u00e1lom, az eml\u00e9kezet \u00e9s a bels\u0151 t\u00e1jak vizu\u00e1lis lek\u00e9pez\u00e9s\u00e9vel foglalkozik. Festm\u00e9nyei intim, dobozszer\u0171 terekb\u0151l ny\u00edlnak idealiz\u00e1lt, ember n\u00e9lk\u00fcli t\u00e1jak fel\u00e9, amelyek a szem\u00e9lyes eml\u00e9kek \u00e9s a k\u00e9pzelet \u00f6sszefon\u00f3d\u00e1s\u00e1b\u00f3l sz\u00fcletnek. Kompoz\u00edci\u00f3i az \u00e1lmok mechanizmus\u00e1t k\u00f6vetve, asszociat\u00edv m\u00f3don \u00e9p\u00fclnek fel, gyakran egy tudatalattib\u00f3l el\u0151bukkan\u00f3 k\u00e9p vagy \u00e9rz\u00e9s hat\u00e1s\u00e1ra. A perspekt\u00edva szab\u00e1lyainak tudatos fel\u00fcl\u00edr\u00e1s\u00e1val \u00fajfajta n\u00e9z\u0151pontokat k\u00edn\u00e1l, amelyek id\u0151tlen, misztikus hangulat\u00fa tereket nyitnak meg a szeml\u00e9l\u0151 sz\u00e1m\u00e1ra.<\/span><\/p>\n<p><span style=\"font-weight: 400;\">M\u0171v\u00e9szeti tanulm\u00e1nyait a budapesti K\u00e9pz\u0151- \u00e9s Iparm\u0171v\u00e9szeti Szakk\u00f6z\u00e9piskola fest\u0151 szak\u00e1n kezdte, majd a P\u00e9csi Tudom\u00e1nyegyetem fest\u0151m\u0171v\u00e9sz szak\u00e1n folytatta Somody P\u00e9ter oszt\u00e1ly\u00e1ban. A 2018\u20132019-es tan\u00e9v \u0151szi szemeszter\u00e9t a Port\u00f3i k\u00e9pz\u0151m\u0171v\u00e9szeti egyetemen t\u00f6lt\u00f6tte Erasmus-\u00f6szt\u00f6nd\u00edjjal. 2020-ban szerzett mesterdiplom\u00e1t.<\/span><\/p>\n<p><span style=\"font-weight: 400;\">Sz\u00e1mos csoportos \u00e9s egy\u00e9ni ki\u00e1ll\u00edt\u00e1son szerepelt Magyarorsz\u00e1gon (Budapest, P\u00e9cs, Sz\u00e9kesfeh\u00e9rv\u00e1r, Kaposv\u00e1r, Balatonf\u00fcred), valamint nemzetk\u00f6zi sz\u00ednt\u00e9ren is, t\u00f6bbek k\u00f6z\u00f6tt Ausztri\u00e1ban, Csehorsz\u00e1gban, Koszov\u00f3ban, G\u00f6r\u00f6gorsz\u00e1gban \u00e9s \u00c9szak-Maced\u00f3ni\u00e1ban. Egy\u00e9ni ki\u00e1ll\u00edt\u00e1sai k\u00f6z\u00e9 tartozik a <\/span><i><span style=\"font-weight: 400;\">Hy\u03c0nos<\/span><\/i><span style=\"font-weight: 400;\"> (Resident Art Gal\u00e9ria, 2024) \u00e9s az <\/span><i><span style=\"font-weight: 400;\">INNER SPACES<\/span><\/i><span style=\"font-weight: 400;\"> (Ady25 Gal\u00e9ria, 2022).<\/span><\/p>\n<p><span style=\"font-weight: 400;\">2021-ben az ECHO II. rezidenciaprogram keret\u00e9ben k\u00e9t h\u00f3napot t\u00f6lt\u00f6tt a Prespa-t\u00f3 partj\u00e1n, ahol k\u00e9t csoportos ki\u00e1ll\u00edt\u00e1son vett r\u00e9szt Szkopj\u00e9ban \u00e9s Bitol\u00e1ban. Munk\u00e1it sz\u00e1mos m\u0171v\u00e9szeti v\u00e1s\u00e1ron \u00e9s aukci\u00f3n is bemutatt\u00e1k, t\u00f6bbek k\u00f6z\u00f6tt az Art Market Budapesten \u00e9s a Budapest Contemporary-n.<\/span><\/p>\n<p><span style=\"font-weight: 400;\">D\u00edjai k\u00f6z\u00e9 tartozik az Unilever M\u0171v\u00e9szeti D\u00edj (2018), a Domanovszky Award of Excellence, valamint 2025-ben beker\u00fclt az Esterh\u00e1zy Art Award shortlistes alkot\u00f3i k\u00f6z\u00e9.<\/span><\/p>\n<p><span style=\"font-weight: 400;\">Fest\u00e9szet\u00e9t t\u00f6bbr\u00e9teg\u0171 szimbolika jellemzi, ami lehet\u0151v\u00e9 teszi, hogy a n\u00e9z\u0151 a m\u0171alkot\u00e1s egyre m\u00e9lyebb r\u00e9tegeibe hatolhasson.<\/span><\/p>\n<p><span style=\"font-weight: 400;\">Jelenleg Budapesten \u00e9l \u00e9s dolgozik.<\/span><\/p>\n<p>&nbsp;<\/p>\n","protected":false},"excerpt":{"rendered":"<p>Marosi Panni (1994, Budapest) fest\u0151m\u0171v\u00e9sz, aki munk\u00e1iban az \u00e1lom, az eml\u00e9kezet \u00e9s a bels\u0151 t\u00e1jak vizu\u00e1lis lek\u00e9pez\u00e9s\u00e9vel foglalkozik. Festm\u00e9nyei intim, dobozszer\u0171 terekb\u0151l ny\u00edlnak idealiz\u00e1lt, ember n\u00e9lk\u00fcli t\u00e1jak fel\u00e9, amelyek a szem\u00e9lyes eml\u00e9kek \u00e9s a k\u00e9pzelet \u00f6sszefon\u00f3d\u00e1s\u00e1b\u00f3l sz\u00fcletnek. Kompoz\u00edci\u00f3i az \u00e1lmok mechanizmus\u00e1t k\u00f6vetve, asszociat\u00edv m\u00f3don \u00e9p\u00fclnek fel, gyakran egy tudatalattib\u00f3l el\u0151bukkan\u00f3 k\u00e9p vagy \u00e9rz\u00e9s hat\u00e1s\u00e1ra. A [&hellip;]<\/p>\n","protected":false},"author":1,"featured_media":0,"parent":0,"menu_order":0,"comment_status":"closed","ping_status":"closed","template":"","meta":{"inline_featured_image":false,"footnotes":""},"class_list":["post-504","page","type-page","status-publish","hentry"],"yoast_head":"<!-- This site is optimized with the Yoast SEO plugin v27.4 - https:\/\/yoast.com\/product\/yoast-seo-wordpress\/ -->\n<title>BIO - Panni Marosi<\/title>\n<meta name=\"robots\" content=\"index, follow, max-snippet:-1, max-image-preview:large, max-video-preview:-1\" \/>\n<link rel=\"canonical\" href=\"https:\/\/pannimarosi.com\/bio-2\/\" \/>\n<meta property=\"og:locale\" content=\"en_GB\" \/>\n<meta property=\"og:type\" content=\"article\" \/>\n<meta property=\"og:title\" content=\"BIO - Panni Marosi\" \/>\n<meta property=\"og:description\" content=\"Marosi Panni (1994, Budapest) fest\u0151m\u0171v\u00e9sz, aki munk\u00e1iban az \u00e1lom, az eml\u00e9kezet \u00e9s a bels\u0151 t\u00e1jak vizu\u00e1lis lek\u00e9pez\u00e9s\u00e9vel foglalkozik. Festm\u00e9nyei intim, dobozszer\u0171 terekb\u0151l ny\u00edlnak idealiz\u00e1lt, ember n\u00e9lk\u00fcli t\u00e1jak fel\u00e9, amelyek a szem\u00e9lyes eml\u00e9kek \u00e9s a k\u00e9pzelet \u00f6sszefon\u00f3d\u00e1s\u00e1b\u00f3l sz\u00fcletnek. Kompoz\u00edci\u00f3i az \u00e1lmok mechanizmus\u00e1t k\u00f6vetve, asszociat\u00edv m\u00f3don \u00e9p\u00fclnek fel, gyakran egy tudatalattib\u00f3l el\u0151bukkan\u00f3 k\u00e9p vagy \u00e9rz\u00e9s hat\u00e1s\u00e1ra. A [&hellip;]\" \/>\n<meta property=\"og:url\" content=\"https:\/\/pannimarosi.com\/bio-2\/\" \/>\n<meta property=\"og:site_name\" content=\"Panni Marosi\" \/>\n<meta property=\"article:modified_time\" content=\"2025-07-09T14:43:47+00:00\" \/>\n<meta name=\"twitter:card\" content=\"summary_large_image\" \/>\n<meta name=\"twitter:label1\" content=\"Estimated reading time\" \/>\n\t<meta name=\"twitter:data1\" content=\"2 minutes\" \/>\n<script type=\"application\/ld+json\" class=\"yoast-schema-graph\">{\"@context\":\"https:\\\/\\\/schema.org\",\"@graph\":[{\"@type\":\"WebPage\",\"@id\":\"https:\\\/\\\/pannimarosi.com\\\/bio-2\\\/\",\"url\":\"https:\\\/\\\/pannimarosi.com\\\/bio-2\\\/\",\"name\":\"BIO - Panni Marosi\",\"isPartOf\":{\"@id\":\"https:\\\/\\\/en.pannimarosi.com\\\/en.pannimarosi\\\/#website\"},\"datePublished\":\"2025-07-09T08:48:21+00:00\",\"dateModified\":\"2025-07-09T14:43:47+00:00\",\"breadcrumb\":{\"@id\":\"https:\\\/\\\/pannimarosi.com\\\/bio-2\\\/#breadcrumb\"},\"inLanguage\":\"en-GB\",\"potentialAction\":[{\"@type\":\"ReadAction\",\"target\":[\"https:\\\/\\\/pannimarosi.com\\\/bio-2\\\/\"]}]},{\"@type\":\"BreadcrumbList\",\"@id\":\"https:\\\/\\\/pannimarosi.com\\\/bio-2\\\/#breadcrumb\",\"itemListElement\":[{\"@type\":\"ListItem\",\"position\":1,\"name\":\"Home\",\"item\":\"https:\\\/\\\/en.pannimarosi.com\\\/en.pannimarosi\\\/\"},{\"@type\":\"ListItem\",\"position\":2,\"name\":\"BIO\"}]},{\"@type\":\"WebSite\",\"@id\":\"https:\\\/\\\/en.pannimarosi.com\\\/en.pannimarosi\\\/#website\",\"url\":\"https:\\\/\\\/en.pannimarosi.com\\\/en.pannimarosi\\\/\",\"name\":\"Panni Marosi\",\"description\":\"Blog\",\"potentialAction\":[{\"@type\":\"SearchAction\",\"target\":{\"@type\":\"EntryPoint\",\"urlTemplate\":\"https:\\\/\\\/en.pannimarosi.com\\\/en.pannimarosi\\\/?s={search_term_string}\"},\"query-input\":{\"@type\":\"PropertyValueSpecification\",\"valueRequired\":true,\"valueName\":\"search_term_string\"}}],\"inLanguage\":\"en-GB\"}]}<\/script>\n<!-- \/ Yoast SEO plugin. -->","yoast_head_json":{"title":"BIO - Panni Marosi","robots":{"index":"index","follow":"follow","max-snippet":"max-snippet:-1","max-image-preview":"max-image-preview:large","max-video-preview":"max-video-preview:-1"},"canonical":"https:\/\/pannimarosi.com\/bio-2\/","og_locale":"en_GB","og_type":"article","og_title":"BIO - Panni Marosi","og_description":"Marosi Panni (1994, Budapest) fest\u0151m\u0171v\u00e9sz, aki munk\u00e1iban az \u00e1lom, az eml\u00e9kezet \u00e9s a bels\u0151 t\u00e1jak vizu\u00e1lis lek\u00e9pez\u00e9s\u00e9vel foglalkozik. Festm\u00e9nyei intim, dobozszer\u0171 terekb\u0151l ny\u00edlnak idealiz\u00e1lt, ember n\u00e9lk\u00fcli t\u00e1jak fel\u00e9, amelyek a szem\u00e9lyes eml\u00e9kek \u00e9s a k\u00e9pzelet \u00f6sszefon\u00f3d\u00e1s\u00e1b\u00f3l sz\u00fcletnek. Kompoz\u00edci\u00f3i az \u00e1lmok mechanizmus\u00e1t k\u00f6vetve, asszociat\u00edv m\u00f3don \u00e9p\u00fclnek fel, gyakran egy tudatalattib\u00f3l el\u0151bukkan\u00f3 k\u00e9p vagy \u00e9rz\u00e9s hat\u00e1s\u00e1ra. A [&hellip;]","og_url":"https:\/\/pannimarosi.com\/bio-2\/","og_site_name":"Panni Marosi","article_modified_time":"2025-07-09T14:43:47+00:00","twitter_card":"summary_large_image","twitter_misc":{"Estimated reading time":"2 minutes"},"schema":{"@context":"https:\/\/schema.org","@graph":[{"@type":"WebPage","@id":"https:\/\/pannimarosi.com\/bio-2\/","url":"https:\/\/pannimarosi.com\/bio-2\/","name":"BIO - Panni Marosi","isPartOf":{"@id":"https:\/\/en.pannimarosi.com\/en.pannimarosi\/#website"},"datePublished":"2025-07-09T08:48:21+00:00","dateModified":"2025-07-09T14:43:47+00:00","breadcrumb":{"@id":"https:\/\/pannimarosi.com\/bio-2\/#breadcrumb"},"inLanguage":"en-GB","potentialAction":[{"@type":"ReadAction","target":["https:\/\/pannimarosi.com\/bio-2\/"]}]},{"@type":"BreadcrumbList","@id":"https:\/\/pannimarosi.com\/bio-2\/#breadcrumb","itemListElement":[{"@type":"ListItem","position":1,"name":"Home","item":"https:\/\/en.pannimarosi.com\/en.pannimarosi\/"},{"@type":"ListItem","position":2,"name":"BIO"}]},{"@type":"WebSite","@id":"https:\/\/en.pannimarosi.com\/en.pannimarosi\/#website","url":"https:\/\/en.pannimarosi.com\/en.pannimarosi\/","name":"Panni Marosi","description":"Blog","potentialAction":[{"@type":"SearchAction","target":{"@type":"EntryPoint","urlTemplate":"https:\/\/en.pannimarosi.com\/en.pannimarosi\/?s={search_term_string}"},"query-input":{"@type":"PropertyValueSpecification","valueRequired":true,"valueName":"search_term_string"}}],"inLanguage":"en-GB"}]}},"_links":{"self":[{"href":"https:\/\/en.pannimarosi.com\/en.pannimarosi\/wp-json\/wp\/v2\/pages\/504","targetHints":{"allow":["GET"]}}],"collection":[{"href":"https:\/\/en.pannimarosi.com\/en.pannimarosi\/wp-json\/wp\/v2\/pages"}],"about":[{"href":"https:\/\/en.pannimarosi.com\/en.pannimarosi\/wp-json\/wp\/v2\/types\/page"}],"author":[{"embeddable":true,"href":"https:\/\/en.pannimarosi.com\/en.pannimarosi\/wp-json\/wp\/v2\/users\/1"}],"replies":[{"embeddable":true,"href":"https:\/\/en.pannimarosi.com\/en.pannimarosi\/wp-json\/wp\/v2\/comments?post=504"}],"version-history":[{"count":2,"href":"https:\/\/en.pannimarosi.com\/en.pannimarosi\/wp-json\/wp\/v2\/pages\/504\/revisions"}],"predecessor-version":[{"id":509,"href":"https:\/\/en.pannimarosi.com\/en.pannimarosi\/wp-json\/wp\/v2\/pages\/504\/revisions\/509"}],"wp:attachment":[{"href":"https:\/\/en.pannimarosi.com\/en.pannimarosi\/wp-json\/wp\/v2\/media?parent=504"}],"curies":[{"name":"wp","href":"https:\/\/api.w.org\/{rel}","templated":true}]}}